{"id":31,"date":"2018-01-16T20:50:18","date_gmt":"2018-01-16T19:50:18","guid":{"rendered":"http:\/\/fewo-weiher.de\/de\/?page_id=31"},"modified":"2025-07-18T11:06:43","modified_gmt":"2025-07-18T09:06:43","slug":"preise","status":"publish","type":"page","link":"https:\/\/www.fewo-weiher.de\/de\/preise\/","title":{"rendered":"Verf\u00fcgbarkeit &#038; Preise"},"content":{"rendered":"<div id=\"smoobuApartment18693de\" class=\"calendarWidget\">\n<div class=\"calendarContent\" data-load-calendar-url=\"https:\/\/login.smoobu.com\/de\/cockpit\/widget\/single-calendar\/18693\" data-verification=\"c657b3b32d2e9a0d6c3c7c4fecc27ea946022ab2edd3d9b5b5a2611e56471fe0\" data-baseurl=\"https:\/\/login.smoobu.com\" data-disable-css=\"false\">&nbsp;<\/div>\n<p><script type=\"text\/javascript\" src=\"https:\/\/login.smoobu.com\/js\/Apartment\/CalendarWidget.js\"><\/script><\/p>\n<\/div>\n<hr>\n<p>Preis pro \u00dcbernachtung ab 110 \u20ac<\/p>\n<p><strong><a href=\"https:\/\/www.fewo-weiher.de\/de\/online-buchung\/\">\u00bb ONLINE BUCHUNG \u00ab<\/a><\/strong><\/p>\n<p><strong>Inklusivleistungen<\/strong><\/p>\n<ul>\n<li style=\"list-style-type: none;\">\n<ul>\n<li>Endreinigung<\/li>\n<li>Handt\u00fccher<\/li>\n<li>Bettw\u00e4sche<\/li>\n<li>WLAN&nbsp;<br \/>\n<hr>\n<\/li>\n<li>Mindestaufenthalt sind 3 N\u00e4chte, ein l\u00e4ngerer Mindestaufenthalt zu bestimmten Zeiten ist m\u00f6glich. Dies ist im Buchungskalender bereits ber\u00fccksichtigt.<\/li>\n<li>Check In von 16:00 bis 21:00 Uhr \/ Check Out bis 10:00 Uhr<\/li>\n<\/ul>\n<\/li>\n<\/ul>\n","protected":false},"excerpt":{"rendered":"<p>&nbsp; Preis pro \u00dcbernachtung ab 110 \u20ac \u00bb ONLINE BUCHUNG \u00ab Inklusivleistungen Endreinigung Handt\u00fccher Bettw\u00e4sche WLAN&nbsp; Mindestaufenthalt sind 3 N\u00e4chte, ein l\u00e4ngerer Mindestaufenthalt zu bestimmten Zeiten ist m\u00f6glich. Dies ist im Buchungskalender bereits ber\u00fccksichtigt. Check In von 16:00 bis 21:00 Uhr \/ Check Out bis 10:00 Uhr<\/p>\n","protected":false},"author":1,"featured_media":249,"parent":0,"menu_order":0,"comment_status":"closed","ping_status":"closed","template":"","meta":{"ngg_post_thumbnail":0},"_links":{"self":[{"href":"https:\/\/www.fewo-weiher.de\/de\/wp-json\/wp\/v2\/pages\/31"}],"collection":[{"href":"https:\/\/www.fewo-weiher.de\/de\/wp-json\/wp\/v2\/pages"}],"about":[{"href":"https:\/\/www.fewo-weiher.de\/de\/wp-json\/wp\/v2\/types\/page"}],"author":[{"embeddable":true,"href":"https:\/\/www.fewo-weiher.de\/de\/wp-json\/wp\/v2\/users\/1"}],"replies":[{"embeddable":true,"href":"https:\/\/www.fewo-weiher.de\/de\/wp-json\/wp\/v2\/comments?post=31"}],"version-history":[{"count":9,"href":"https:\/\/www.fewo-weiher.de\/de\/wp-json\/wp\/v2\/pages\/31\/revisions"}],"predecessor-version":[{"id":1316,"href":"https:\/\/www.fewo-weiher.de\/de\/wp-json\/wp\/v2\/pages\/31\/revisions\/1316"}],"wp:featuredmedia":[{"embeddable":true,"href":"https:\/\/www.fewo-weiher.de\/de\/wp-json\/wp\/v2\/media\/249"}],"wp:attachment":[{"href":"https:\/\/www.fewo-weiher.de\/de\/wp-json\/wp\/v2\/media?parent=31"}],"curies":[{"name":"wp","href":"https:\/\/api.w.org\/{rel}","templated":true}]}}