{"id":39,"date":"2018-01-18T21:44:48","date_gmt":"2018-01-18T20:44:48","guid":{"rendered":"http:\/\/fewo-weiher.de\/de\/?page_id=39"},"modified":"2025-07-18T11:08:33","modified_gmt":"2025-07-18T09:08:33","slug":"lage-umgebung","status":"publish","type":"page","link":"https:\/\/www.fewo-weiher.de\/de\/lage-umgebung\/","title":{"rendered":"Lage &#038; Umgebung"},"content":{"rendered":"<p><a href=\"https:\/\/www.fewo-weiher.de\/de\/links\/\">Schwanstetten<\/a> ist ein 7.000 Einwohner gro\u00dfer Ort im Landkreis Roth.<\/p>\n<p>Waldwege zum Spazieren, Wandern und Joggen befinden sich in unmittelbarer N\u00e4he der Ferienwohnung.&nbsp;<br \/>\nWenige hundert Meter entfernt finden Sie Einkaufsm\u00f6glichkeiten und Restaurants.<\/p>\n<p>In Schwanstetten finden sie Fahrradwege f\u00fcr einen sch\u00f6nen Familienausflug z.B. an den Rothsee oder in einen sch\u00f6nen Biergarten.<\/p>\n<p>Einmal im Jahr findet der legend\u00e4re <a href=\"http:\/\/www.challenge-roth.com\/\" target=\"_blank\" rel=\"noopener\">Challenge Roth<\/a> (Roth Triathlon) im Landkreis statt. Schwanstetten ist hierf\u00fcr ein idealer Ausgangspunkt.<\/p>\n<h4><strong>Entfernungen<\/strong><\/h4>\n<p><span style=\"font-size: 1rem;\">Die Messe N\u00fcrnberg, das Fr\u00e4nkische Seenland, sowie Autobahnen sind sehr gut mit dem Auto zu erreichen.<\/span><strong><br \/>\n<\/strong><\/p>\n<ul>\n<li>10 km bis Schwabach und Roth<\/li>\n<li>15 km zur <a href=\"https:\/\/www.nuernbergmesse.de\/de\" target=\"_blank\" rel=\"noopener\">N\u00fcrnberger Messe<\/a> und zum <a href=\"http:\/\/www.rothsee.de\/\" target=\"_blank\" rel=\"noopener\">Rothsee<\/a><\/li>\n<li>7 km zum Bahnhof<\/li>\n<li>8 km zur Autobahn<\/li>\n<li>20 km bis in die N\u00fcrnberger Innenstadt und zum <a href=\"https:\/\/tiergarten.nuernberg.de\/startseite.html\" target=\"_blank\" rel=\"noopener\">Tiergarten N\u00fcrnberg<\/a><\/li>\n<li>26 km zum <a href=\"https:\/\/www.playmobil-funpark.de\/\" target=\"_blank\" rel=\"noopener\">Playmobil Funpark<\/a><\/li>\n<li>28 km zum <a href=\"https:\/\/www.airport-nuernberg.de\/\" target=\"_blank\" rel=\"noopener\">Flughafen N\u00fcrnberg<\/a><\/li>\n<li>30 km zum <a href=\"http:\/\/www.zv-brombachsee.de\/\" target=\"_blank\" rel=\"noopener\">Brombachsee<\/a><\/li>\n<\/ul>\n<h4><strong>Einkaufsm\u00f6glichkeiten<\/strong><\/h4>\n<ul>\n<li>Supermarkt<\/li>\n<li>B\u00e4cker<\/li>\n<li>Geschenkeladen<\/li>\n<\/ul>\n<h4><strong>Gastronomie<\/strong><\/h4>\n<ul>\n<li>Pizzeria<\/li>\n<li>Sportgastst\u00e4tte&nbsp;<\/li>\n<li>Eisdiele<\/li>\n<li>Fr\u00e4nkische K\u00fcche<\/li>\n<li>Grieche<\/li>\n<\/ul>\n<h4><strong style=\"font-size: 1rem;\">Weiteres<\/strong><\/h4>\n<ul>\n<li><a href=\"http:\/\/megaplay.info\/\" target=\"_blank\" rel=\"noopener\">Megaplay Indoorspielplatz<\/a><\/li>\n<li>\u00c4rzte<\/li>\n<li>Geldautomat<\/li>\n<li>Post<\/li>\n<\/ul>\n","protected":false},"excerpt":{"rendered":"<p>Schwanstetten ist ein 7.000 Einwohner gro\u00dfer Ort im Landkreis Roth. Waldwege zum Spazieren, Wandern und Joggen befinden sich in unmittelbarer N\u00e4he der Ferienwohnung.&nbsp; Wenige hundert Meter entfernt finden Sie Einkaufsm\u00f6glichkeiten und Restaurants. In Schwanstetten finden sie Fahrradwege f\u00fcr einen sch\u00f6nen Familienausflug z.B. an den Rothsee oder in einen sch\u00f6nen Biergarten. Einmal im Jahr findet der &hellip; <\/p>\n<p class=\"link-more\"><a href=\"https:\/\/www.fewo-weiher.de\/de\/lage-umgebung\/\" class=\"more-link\"><span class=\"screen-reader-text\">&#8222;Lage &#038; Umgebung&#8220;<\/span> weiterlesen<\/a><\/p>\n","protected":false},"author":1,"featured_media":20,"parent":0,"menu_order":0,"comment_status":"closed","ping_status":"closed","template":"","meta":{"ngg_post_thumbnail":0},"_links":{"self":[{"href":"https:\/\/www.fewo-weiher.de\/de\/wp-json\/wp\/v2\/pages\/39"}],"collection":[{"href":"https:\/\/www.fewo-weiher.de\/de\/wp-json\/wp\/v2\/pages"}],"about":[{"href":"https:\/\/www.fewo-weiher.de\/de\/wp-json\/wp\/v2\/types\/page"}],"author":[{"embeddable":true,"href":"https:\/\/www.fewo-weiher.de\/de\/wp-json\/wp\/v2\/users\/1"}],"replies":[{"embeddable":true,"href":"https:\/\/www.fewo-weiher.de\/de\/wp-json\/wp\/v2\/comments?post=39"}],"version-history":[{"count":10,"href":"https:\/\/www.fewo-weiher.de\/de\/wp-json\/wp\/v2\/pages\/39\/revisions"}],"predecessor-version":[{"id":1317,"href":"https:\/\/www.fewo-weiher.de\/de\/wp-json\/wp\/v2\/pages\/39\/revisions\/1317"}],"wp:featuredmedia":[{"embeddable":true,"href":"https:\/\/www.fewo-weiher.de\/de\/wp-json\/wp\/v2\/media\/20"}],"wp:attachment":[{"href":"https:\/\/www.fewo-weiher.de\/de\/wp-json\/wp\/v2\/media?parent=39"}],"curies":[{"name":"wp","href":"https:\/\/api.w.org\/{rel}","templated":true}]}}