{"id":600,"date":"2018-07-09T21:53:00","date_gmt":"2018-07-09T19:53:00","guid":{"rendered":"http:\/\/fewo-weiher.de\/de\/?page_id=600"},"modified":"2020-02-15T13:26:29","modified_gmt":"2020-02-15T12:26:29","slug":"online-buchung","status":"publish","type":"page","link":"https:\/\/www.fewo-weiher.de\/de\/online-buchung\/","title":{"rendered":"Online Buchung"},"content":{"rendered":"<p>Bitte w\u00e4hlen sie Ihren gew\u00fcnschten Zeitraum und die Anzahl der Personen in der Online Buchungsmaske um den Preis f\u00fcr ihren ausgew\u00e4hlten Zeitraum zu erhalten.<br \/>\nWeitere pers\u00f6nliche Daten m\u00fcssen erst ausgef\u00fcllt werden wenn sie buchen m\u00f6chten.<\/p>\n<div id=\"booking-tool-container-apartment18693\"><script type=\"text\/javascript\" src=\"https:\/\/login.smoobu.com\/js\/Settings\/BookingToolIframe.js\"><\/script><br \/>\n<script>BookingToolIframe.initialize({\"url\": \"https:\/\/login.smoobu.com\/de\/booking-tool\/iframe\/7330\/18693\", \"baseUrl\": \"https:\/\/login.smoobu.com\", \"target\": \"#booking-tool-container-apartment18693\"})<\/script><\/div>\n","protected":false},"excerpt":{"rendered":"<p>Bitte w\u00e4hlen sie Ihren gew\u00fcnschten Zeitraum und die Anzahl der Personen in der Online Buchungsmaske um den Preis f\u00fcr ihren ausgew\u00e4hlten Zeitraum zu erhalten. Weitere pers\u00f6nliche Daten m\u00fcssen erst ausgef\u00fcllt werden wenn sie buchen m\u00f6chten.<\/p>\n","protected":false},"author":1,"featured_media":0,"parent":0,"menu_order":0,"comment_status":"closed","ping_status":"closed","template":"","meta":{"ngg_post_thumbnail":0},"_links":{"self":[{"href":"https:\/\/www.fewo-weiher.de\/de\/wp-json\/wp\/v2\/pages\/600"}],"collection":[{"href":"https:\/\/www.fewo-weiher.de\/de\/wp-json\/wp\/v2\/pages"}],"about":[{"href":"https:\/\/www.fewo-weiher.de\/de\/wp-json\/wp\/v2\/types\/page"}],"author":[{"embeddable":true,"href":"https:\/\/www.fewo-weiher.de\/de\/wp-json\/wp\/v2\/users\/1"}],"replies":[{"embeddable":true,"href":"https:\/\/www.fewo-weiher.de\/de\/wp-json\/wp\/v2\/comments?post=600"}],"version-history":[{"count":4,"href":"https:\/\/www.fewo-weiher.de\/de\/wp-json\/wp\/v2\/pages\/600\/revisions"}],"predecessor-version":[{"id":667,"href":"https:\/\/www.fewo-weiher.de\/de\/wp-json\/wp\/v2\/pages\/600\/revisions\/667"}],"wp:attachment":[{"href":"https:\/\/www.fewo-weiher.de\/de\/wp-json\/wp\/v2\/media?parent=600"}],"curies":[{"name":"wp","href":"https:\/\/api.w.org\/{rel}","templated":true}]}}